{"id":1666,"date":"2015-01-27T11:55:16","date_gmt":"2015-01-27T11:55:16","guid":{"rendered":"http:\/\/dionysoshotelpaphos.com\/de\/news\/"},"modified":"2017-05-26T21:11:23","modified_gmt":"2017-05-26T18:11:23","slug":"news","status":"publish","type":"page","link":"https:\/\/dionysoshotelpaphos.com\/de\/news\/","title":{"rendered":"News"},"content":{"rendered":"<p><div class=\"fusion-fullwidth fullwidth-box fusion-builder-row-1 nonhundred-percent-fullwidth non-hundred-percent-height-scrolling\" style=\"--awb-background-position:left top;--awb-border-radius-top-left:0px;--awb-border-radius-top-right:0px;--awb-border-radius-bottom-right:0px;--awb-border-radius-bottom-left:0px;--awb-padding-top:100px;--awb-padding-bottom:80px;--awb-background-color:#f0f0ed;--awb-border-sizes-top:0px;--awb-border-sizes-bottom:0px;--awb-flex-wrap:wrap;\" ><div class=\"fusion-builder-row fusion-row\"><div class=\"fusion-layout-column fusion_builder_column fusion-builder-column-0 fusion_builder_column_1_1 1_1 fusion-one-full fusion-column-first fusion-column-last fusion-column-no-min-height\" style=\"--awb-bg-size:cover;--awb-margin-bottom:0px;\"><div class=\"fusion-column-wrapper fusion-flex-column-wrapper-legacy\"><div class=\"fusion-blog-shortcode fusion-blog-shortcode-1 fusion-blog-archive fusion-blog-layout-medium-alternate fusion-blog-no\"><div class=\"fusion-posts-container fusion-posts-container-no\" data-pages=\"0\"><article id=\"blog-1-post-3040\" class=\"fusion-post-medium-alternate post-3040 post type-post status-publish format-standard has-post-thumbnail hentry category-auszeichnungen\">\n<div class=\"fusion-date-and-formats\"><div class=\"fusion-date-box updated\"><span class=\"fusion-date\">13<\/span><span class=\"fusion-month-year\">01, 2018<\/span><\/div><div class=\"fusion-format-box\"><i class=\"awb-icon-pen\" aria-hidden=\"true\"><\/i><\/div><\/div>\t<style type=\"text\/css\">\n\t\t\n\t\t\n\t\t\n\t\t\n\t\t\t<\/style>\n\n\n\t\t\t<div class=\"fusion-flexslider flexslider fusion-flexslider-loading fusion-post-slideshow\" style=\"\">\n\t\t<ul class=\"slides\">\n\t\t\t\n\t\t\t\t\t\t\t\t\t\t\t\t\t\t<li><div  class=\"fusion-image-wrapper fusion-image-size-fixed\" aria-haspopup=\"true\">\n\t\t\t\t\t\t\t<a href=\"https:\/\/dionysoshotelpaphos.com\/de\/guest-review-awards-2017\/\" aria-label=\"Guest Review Awards 2017\">\n\t\t\t\t\t\t\t<img decoding=\"async\" width=\"320\" height=\"202\" src=\"https:\/\/dionysoshotelpaphos.com\/wp-content\/uploads\/booking-award-2017-wide-320x202.jpg\" class=\"attachment-blog-medium size-blog-medium lazyload wp-post-image\" alt=\"\" srcset=\"data:image\/svg+xml,%3Csvg%20xmlns%3D%27http%3A%2F%2Fwww.w3.org%2F2000%2Fsvg%27%20width%3D%27600%27%20height%3D%27375%27%20viewBox%3D%270%200%20600%20375%27%3E%3Crect%20width%3D%27600%27%20height%3D%27375%27%20fill-opacity%3D%220%22%2F%3E%3C%2Fsvg%3E\" data-orig-src=\"https:\/\/dionysoshotelpaphos.com\/wp-content\/uploads\/booking-award-2017-wide-320x202.jpg\" data-srcset=\"https:\/\/dionysoshotelpaphos.com\/wp-content\/uploads\/booking-award-2017-wide-200x125.jpg 200w, https:\/\/dionysoshotelpaphos.com\/wp-content\/uploads\/booking-award-2017-wide-300x188.jpg 300w, https:\/\/dionysoshotelpaphos.com\/wp-content\/uploads\/booking-award-2017-wide-320x202.jpg 320w\" data-sizes=\"auto\" \/>\t\t\t<\/a>\n\t\t\t\t\t\t\t<\/div>\n<\/li>\n\t\t\t\n\t\t\t\n\t\t\t\t\t\t\t\t<\/ul>\n\t<\/div>\n\t<div class=\"fusion-post-content post-content\"><h2 class=\"blog-shortcode-post-title entry-title\"><a href=\"https:\/\/dionysoshotelpaphos.com\/de\/guest-review-awards-2017\/\">Guest Review Awards 2017<\/a><\/h2><p class=\"fusion-single-line-meta\">By <span class=\"vcard\"><span class=\"fn\"><a href=\"https:\/\/dionysoshotelpaphos.com\/de\/author\/cpsychis\/\" title=\"Posts by Dionysos Hotel\" rel=\"author\">Dionysos Hotel<\/a><\/span><\/span><span class=\"fusion-inline-sep\">|<\/span><span class=\"updated\" style=\"display:none;\">2018-02-16T10:36:40+03:00<\/span><span>January 13th, 2018<\/span><span class=\"fusion-inline-sep\">|<\/span>Categories: <a href=\"https:\/\/dionysoshotelpaphos.com\/de\/category\/auszeichnungen\/\" rel=\"category tag\">Auszeichnungen<\/a><span class=\"fusion-inline-sep\">|<\/span><span class=\"fusion-comments\"><span>Comments Off<span class=\"screen-reader-text\"> on Guest Review Awards 2017<\/span><\/span><\/span><\/p><div class=\"fusion-post-content-container\"><p>Unser Hotel wurde 2017 Preistr\u00e4ger der Online-Reiseb\u00fcro Booking.com, mit durchschnittlich 8,7 Bewertung gegeben.<\/p><\/div><\/div><div class=\"fusion-clearfix\"><\/div><div class=\"fusion-meta-info\"><div class=\"fusion-alignright\"><a class=\"fusion-read-more\" href=\"https:\/\/dionysoshotelpaphos.com\/de\/guest-review-awards-2017\/\" aria-label=\"More on Guest Review Awards 2017\">Read More<\/a><\/div><\/div><\/article>\n<article id=\"blog-1-post-2570\" class=\"fusion-post-medium-alternate post-2570 post type-post status-publish format-standard has-post-thumbnail hentry category-auszeichnungen category-bookingde\">\n<div class=\"fusion-date-and-formats\"><div class=\"fusion-date-box updated\"><span class=\"fusion-date\">9<\/span><span class=\"fusion-month-year\">02, 2017<\/span><\/div><div class=\"fusion-format-box\"><i class=\"awb-icon-pen\" aria-hidden=\"true\"><\/i><\/div><\/div>\t<style type=\"text\/css\">\n\t\t\n\t\t\n\t\t\n\t\t\n\t\t\t<\/style>\n\n\n\t\t\t<div class=\"fusion-flexslider flexslider fusion-flexslider-loading fusion-post-slideshow\" style=\"\">\n\t\t<ul class=\"slides\">\n\t\t\t\n\t\t\t\t\t\t\t\t\t\t\t\t\t\t<li><div  class=\"fusion-image-wrapper fusion-image-size-fixed\" aria-haspopup=\"true\">\n\t\t\t\t\t\t\t<a href=\"https:\/\/dionysoshotelpaphos.com\/de\/2016-award-winner\/\" aria-label=\"2016 Award Winner\">\n\t\t\t\t\t\t\t<img decoding=\"async\" width=\"320\" height=\"202\" src=\"https:\/\/dionysoshotelpaphos.com\/wp-content\/uploads\/booking-award-2016-wide-320x202.jpg\" class=\"attachment-blog-medium size-blog-medium lazyload wp-post-image\" alt=\"\" srcset=\"data:image\/svg+xml,%3Csvg%20xmlns%3D%27http%3A%2F%2Fwww.w3.org%2F2000%2Fsvg%27%20width%3D%27800%27%20height%3D%27533%27%20viewBox%3D%270%200%20800%20533%27%3E%3Crect%20width%3D%27800%27%20height%3D%27533%27%20fill-opacity%3D%220%22%2F%3E%3C%2Fsvg%3E\" data-orig-src=\"https:\/\/dionysoshotelpaphos.com\/wp-content\/uploads\/booking-award-2016-wide-320x202.jpg\" data-srcset=\"https:\/\/dionysoshotelpaphos.com\/wp-content\/uploads\/booking-award-2016-wide-320x202.jpg 320w, https:\/\/dionysoshotelpaphos.com\/wp-content\/uploads\/booking-award-2016-wide-700x441.jpg 700w\" data-sizes=\"auto\" \/>\t\t\t<\/a>\n\t\t\t\t\t\t\t<\/div>\n<\/li>\n\t\t\t\n\t\t\t\n\t\t\t\t\t\t\t\t<\/ul>\n\t<\/div>\n\t<div class=\"fusion-post-content post-content\"><h2 class=\"blog-shortcode-post-title entry-title\"><a href=\"https:\/\/dionysoshotelpaphos.com\/de\/2016-award-winner\/\">2016 Award Winner<\/a><\/h2><p class=\"fusion-single-line-meta\">By <span class=\"vcard\"><span class=\"fn\"><a href=\"https:\/\/dionysoshotelpaphos.com\/de\/author\/cpsychis\/\" title=\"Posts by Dionysos Hotel\" rel=\"author\">Dionysos Hotel<\/a><\/span><\/span><span class=\"fusion-inline-sep\">|<\/span><span class=\"updated\" style=\"display:none;\">2017-05-29T15:44:01+03:00<\/span><span>February 9th, 2017<\/span><span class=\"fusion-inline-sep\">|<\/span>Categories: <a href=\"https:\/\/dionysoshotelpaphos.com\/de\/category\/auszeichnungen\/\" rel=\"category tag\">Auszeichnungen<\/a>, <a href=\"https:\/\/dionysoshotelpaphos.com\/de\/category\/bookingde\/\" rel=\"category tag\">bookingde<\/a><span class=\"fusion-inline-sep\">|<\/span><span class=\"fusion-comments\"><span>Comments Off<span class=\"screen-reader-text\"> on 2016 Award Winner<\/span><\/span><\/span><\/p><div class=\"fusion-post-content-container\"><p> 2016 Preistr\u00e4ger   Unser Hotel wurde 2016 Preistr\u00e4ger der Online-Reiseb\u00fcro Booking.com, mit durchschnittlich 8,7 Bewertung gegeben. Das ist eine gro\u00dfe Ehre f\u00fcr unser Hotel, da Noten von echten G\u00e4sten Bewertungen auf booking.com gegeben [...]<\/p><\/div><\/div><div class=\"fusion-clearfix\"><\/div><div class=\"fusion-meta-info\"><div class=\"fusion-alignright\"><a class=\"fusion-read-more\" href=\"https:\/\/dionysoshotelpaphos.com\/de\/2016-award-winner\/\" aria-label=\"More on 2016 Award Winner\">Read More<\/a><\/div><\/div><\/article>\n<article id=\"blog-1-post-1860\" class=\"fusion-post-medium-alternate post-1860 post type-post status-publish format-standard has-post-thumbnail hentry category-auszeichnungen category-eigenschaft\">\n<div class=\"fusion-date-and-formats\"><div class=\"fusion-date-box updated\"><span class=\"fusion-date\">26<\/span><span class=\"fusion-month-year\">05, 2016<\/span><\/div><div class=\"fusion-format-box\"><i class=\"awb-icon-pen\" aria-hidden=\"true\"><\/i><\/div><\/div>\t<style type=\"text\/css\">\n\t\t\n\t\t\n\t\t\n\t\t\n\t\t\t<\/style>\n\n\n\t\t\t<div class=\"fusion-flexslider flexslider fusion-flexslider-loading fusion-post-slideshow\" style=\"\">\n\t\t<ul class=\"slides\">\n\t\t\t\n\t\t\t\t\t\t\t\t\t\t\t\t\t\t<li><div  class=\"fusion-image-wrapper fusion-image-size-fixed\" aria-haspopup=\"true\">\n\t\t\t\t\t\t\t<a href=\"https:\/\/dionysoshotelpaphos.com\/de\/tripadvisor-certificate-excellence-2016\/\" aria-label=\"2016 Certificate of Excellence\">\n\t\t\t\t\t\t\t<img decoding=\"async\" width=\"320\" height=\"202\" src=\"https:\/\/dionysoshotelpaphos.com\/wp-content\/uploads\/tripadvisor-certificate-excellence-2016-320x202.jpg\" class=\"attachment-blog-medium size-blog-medium lazyload wp-post-image\" alt=\"\" srcset=\"data:image\/svg+xml,%3Csvg%20xmlns%3D%27http%3A%2F%2Fwww.w3.org%2F2000%2Fsvg%27%20width%3D%27800%27%20height%3D%27533%27%20viewBox%3D%270%200%20800%20533%27%3E%3Crect%20width%3D%27800%27%20height%3D%27533%27%20fill-opacity%3D%220%22%2F%3E%3C%2Fsvg%3E\" data-orig-src=\"https:\/\/dionysoshotelpaphos.com\/wp-content\/uploads\/tripadvisor-certificate-excellence-2016-320x202.jpg\" data-srcset=\"https:\/\/dionysoshotelpaphos.com\/wp-content\/uploads\/tripadvisor-certificate-excellence-2016-320x202.jpg 320w, https:\/\/dionysoshotelpaphos.com\/wp-content\/uploads\/tripadvisor-certificate-excellence-2016-700x441.jpg 700w\" data-sizes=\"auto\" \/>\t\t\t<\/a>\n\t\t\t\t\t\t\t<\/div>\n<\/li>\n\t\t\t\n\t\t\t\n\t\t\t\t\t\t\t\t<\/ul>\n\t<\/div>\n\t<div class=\"fusion-post-content post-content\"><h2 class=\"blog-shortcode-post-title entry-title\"><a href=\"https:\/\/dionysoshotelpaphos.com\/de\/tripadvisor-certificate-excellence-2016\/\">2016 Certificate of Excellence<\/a><\/h2><p class=\"fusion-single-line-meta\">By <span class=\"vcard\"><span class=\"fn\"><a href=\"https:\/\/dionysoshotelpaphos.com\/de\/author\/cpsychis\/\" title=\"Posts by Dionysos Hotel\" rel=\"author\">Dionysos Hotel<\/a><\/span><\/span><span class=\"fusion-inline-sep\">|<\/span><span class=\"updated\" style=\"display:none;\">2017-05-29T15:51:44+03:00<\/span><span>May 26th, 2016<\/span><span class=\"fusion-inline-sep\">|<\/span>Categories: <a href=\"https:\/\/dionysoshotelpaphos.com\/de\/category\/auszeichnungen\/\" rel=\"category tag\">Auszeichnungen<\/a>, <a href=\"https:\/\/dionysoshotelpaphos.com\/de\/category\/eigenschaft\/\" rel=\"category tag\">Eigenschaft<\/a><span class=\"fusion-inline-sep\">|<\/span><span class=\"fusion-comments\"><span>Comments Off<span class=\"screen-reader-text\"> on 2016 Certificate of Excellence<\/span><\/span><\/span><\/p><div class=\"fusion-post-content-container\"><p>Unser Hotel wurde f\u00fcr das Jahr 2016 von Tripadvisor das Certificate of Excellence Award ausgezeichnet [...]<\/p><\/div><\/div><div class=\"fusion-clearfix\"><\/div><div class=\"fusion-meta-info\"><div class=\"fusion-alignright\"><a class=\"fusion-read-more\" href=\"https:\/\/dionysoshotelpaphos.com\/de\/tripadvisor-certificate-excellence-2016\/\" aria-label=\"More on 2016 Certificate of Excellence\">Read More<\/a><\/div><\/div><\/article>\n<article id=\"blog-1-post-1675\" class=\"fusion-post-medium-alternate post-1675 post type-post status-publish format-standard has-post-thumbnail hentry category-general-de category-auszeichnungen\">\n<div class=\"fusion-date-and-formats\"><div class=\"fusion-date-box updated\"><span class=\"fusion-date\">14<\/span><span class=\"fusion-month-year\">01, 2016<\/span><\/div><div class=\"fusion-format-box\"><i class=\"awb-icon-pen\" aria-hidden=\"true\"><\/i><\/div><\/div>\t<style type=\"text\/css\">\n\t\t\n\t\t\n\t\t\n\t\t\n\t\t\t<\/style>\n\n\n\t\t\t<div class=\"fusion-flexslider flexslider fusion-flexslider-loading fusion-post-slideshow\" style=\"\">\n\t\t<ul class=\"slides\">\n\t\t\t\n\t\t\t\t\t\t\t\t\t\t\t\t\t\t<li><div  class=\"fusion-image-wrapper fusion-image-size-fixed\" aria-haspopup=\"true\">\n\t\t\t\t\t\t\t<a href=\"https:\/\/dionysoshotelpaphos.com\/de\/2015-award-winner\/\" aria-label=\"2015 Award Winner\">\n\t\t\t\t\t\t\t<img decoding=\"async\" width=\"320\" height=\"202\" src=\"https:\/\/dionysoshotelpaphos.com\/wp-content\/uploads\/dionysos-central-hotel-2015-award-winner-320x202.jpg\" class=\"attachment-blog-medium size-blog-medium lazyload wp-post-image\" alt=\"\" srcset=\"data:image\/svg+xml,%3Csvg%20xmlns%3D%27http%3A%2F%2Fwww.w3.org%2F2000%2Fsvg%27%20width%3D%27600%27%20height%3D%27375%27%20viewBox%3D%270%200%20600%20375%27%3E%3Crect%20width%3D%27600%27%20height%3D%27375%27%20fill-opacity%3D%220%22%2F%3E%3C%2Fsvg%3E\" data-orig-src=\"https:\/\/dionysoshotelpaphos.com\/wp-content\/uploads\/dionysos-central-hotel-2015-award-winner-320x202.jpg\" data-srcset=\"https:\/\/dionysoshotelpaphos.com\/wp-content\/uploads\/dionysos-central-hotel-2015-award-winner-200x125.jpg 200w, https:\/\/dionysoshotelpaphos.com\/wp-content\/uploads\/dionysos-central-hotel-2015-award-winner-300x188.jpg 300w, https:\/\/dionysoshotelpaphos.com\/wp-content\/uploads\/dionysos-central-hotel-2015-award-winner-320x202.jpg 320w\" data-sizes=\"auto\" \/>\t\t\t<\/a>\n\t\t\t\t\t\t\t<\/div>\n<\/li>\n\t\t\t\n\t\t\t\n\t\t\t\t\t\t\t\t<\/ul>\n\t<\/div>\n\t<div class=\"fusion-post-content post-content\"><h2 class=\"blog-shortcode-post-title entry-title\"><a href=\"https:\/\/dionysoshotelpaphos.com\/de\/2015-award-winner\/\">2015 Award Winner<\/a><\/h2><p class=\"fusion-single-line-meta\">By <span class=\"vcard\"><span class=\"fn\"><a href=\"https:\/\/dionysoshotelpaphos.com\/de\/author\/cpsychis\/\" title=\"Posts by Dionysos Hotel\" rel=\"author\">Dionysos Hotel<\/a><\/span><\/span><span class=\"fusion-inline-sep\">|<\/span><span class=\"updated\" style=\"display:none;\">2017-05-29T15:53:36+03:00<\/span><span>January 14th, 2016<\/span><span class=\"fusion-inline-sep\">|<\/span>Categories: <a href=\"https:\/\/dionysoshotelpaphos.com\/de\/category\/general-de\/\" rel=\"category tag\">Allgemein<\/a>, <a href=\"https:\/\/dionysoshotelpaphos.com\/de\/category\/auszeichnungen\/\" rel=\"category tag\">Auszeichnungen<\/a><span class=\"fusion-inline-sep\">|<\/span><span class=\"fusion-comments\"><span>Comments Off<span class=\"screen-reader-text\"> on 2015 Award Winner<\/span><\/span><\/span><\/p><div class=\"fusion-post-content-container\"><p>Unser Hotel wurde 2015 Preistr\u00e4ger der Online-Reiseb\u00fcro Booking.com, mit durchschnittlich 8,6 Bewertung gegeben [...]<\/p><\/div><\/div><div class=\"fusion-clearfix\"><\/div><div class=\"fusion-meta-info\"><div class=\"fusion-alignright\"><a class=\"fusion-read-more\" href=\"https:\/\/dionysoshotelpaphos.com\/de\/2015-award-winner\/\" aria-label=\"More on 2015 Award Winner\">Read More<\/a><\/div><\/div><\/article>\n<\/div><\/div><div class=\"fusion-clearfix\"><\/div><\/div><\/div><\/div><\/div><div class=\"fusion-bg-parallax\" data-bg-align=\"left top\" data-direction=\"up\" data-mute=\"false\" data-opacity=\"100\" data-velocity=\"-0.2\" data-mobile-enabled=\"false\" data-break_parents=\"0\" data-bg-image=\"https:\/\/dionysoshotelpaphos.com\/wp-content\/uploads\/dionysos-central-hotel-paphos-lobby.jpg\" data-bg-repeat=\"false\" ><\/div><div class=\"fusion-fullwidth fullwidth-box fusion-builder-row-2 fusion-parallax-up nonhundred-percent-fullwidth non-hundred-percent-height-scrolling lazyload\" style=\"--awb-background-position:left top;--awb-border-radius-top-left:0px;--awb-border-radius-top-right:0px;--awb-border-radius-bottom-right:0px;--awb-border-radius-bottom-left:0px;--awb-padding-top:110px;--awb-padding-right:0px;--awb-padding-bottom:70px;--awb-padding-left:0px;--awb-background-size:cover;--awb-border-sizes-top:0px;--awb-border-sizes-bottom:0px;--awb-flex-wrap:wrap;\" data-bg=\"https:\/\/dionysoshotelpaphos.com\/wp-content\/uploads\/dionysos-central-hotel-paphos-lobby.jpg\" ><div class=\"fusion-builder-row fusion-row\"><div class=\"fusion-layout-column fusion_builder_column fusion-builder-column-1 fusion_builder_column_1_6 1_6 fusion-one-sixth fusion-column-first\" style=\"--awb-padding-top:10%;--awb-padding-right:10%;--awb-padding-bottom:10%;--awb-padding-left:10%;--awb-bg-size:cover;width:13.3333%; margin-right: 4%;\"><div class=\"fusion-column-wrapper fusion-flex-column-wrapper-legacy\"><div class=\"fusion-clearfix\"><\/div><\/div><\/div><div class=\"fusion-layout-column fusion_builder_column fusion-builder-column-2 fusion_builder_column_2_3 2_3 fusion-two-third\" style=\"--awb-padding-top:10%;--awb-padding-right:10%;--awb-padding-bottom:10%;--awb-padding-left:10%;--awb-bg-color:rgba(255,255,255,.7);--awb-bg-color-hover:rgba(255,255,255,.7);--awb-bg-size:cover;width:65.3333%; margin-right: 4%;\"><div class=\"fusion-column-wrapper fusion-flex-column-wrapper-legacy\"><div class=\"fusion-text fusion-text-1\"><p style=\"letter-spacing: 4px; font-size: 18px; margin-bottom: 0px; text-align: center;\">DIONYSOS CENTRAL HOTEL<\/p>\n<h1 style=\"text-align: center; margin-top: 10px;\">Book Your Next Vacation!<\/h1>\n<\/div><div class=\"fusion-sep-clear\"><\/div><div class=\"fusion-separator\" style=\"margin-left: auto;margin-right: auto;margin-top:0px;margin-bottom:20px;width:100%;max-width:50px;\"><div class=\"fusion-separator-border sep-single sep-solid\" style=\"--awb-height:20px;--awb-amount:20px;border-color:#363839;border-top-width:1px;\"><\/div><\/div><div class=\"fusion-sep-clear\"><\/div><div class=\"fusion-sep-clear\"><\/div><div class=\"fusion-separator fusion-full-width-sep\" style=\"margin-left: auto;margin-right: auto;margin-top:12px;width:100%;\"><\/div><div class=\"fusion-sep-clear\"><\/div><div class=\"fusion-button-wrapper fusion-aligncenter\"><a class=\"fusion-button button-flat button-xlarge button-default fusion-button-default button-1 fusion-button-default-span fusion-button-default-type\" target=\"_self\" href=\"https:\/\/dionysoshotelpaphos.com\/reservations\/\"><span class=\"fusion-button-text awb-button__text awb-button__text--default\">RESERVE NOW<\/span><i class=\" fa fa-arrow-right awb-button__icon awb-button__icon--default button-icon-right\" aria-hidden=\"true\"><\/i><\/a><\/div><div class=\"fusion-clearfix\"><\/div><\/div><\/div><div class=\"fusion-layout-column fusion_builder_column fusion-builder-column-3 fusion_builder_column_1_6 1_6 fusion-one-sixth fusion-column-last\" style=\"--awb-padding-top:10%;--awb-padding-right:10%;--awb-padding-bottom:10%;--awb-padding-left:10%;--awb-bg-size:cover;width:13.3333%;\"><div class=\"fusion-column-wrapper fusion-flex-column-wrapper-legacy\"><div class=\"fusion-clearfix\"><\/div><\/div><\/div><\/div><\/div><\/p>\n","protected":false},"excerpt":{"rendered":"","protected":false},"author":1,"featured_media":0,"parent":0,"menu_order":30,"comment_status":"closed","ping_status":"open","template":"100-width.php","meta":{"_acf_changed":false,"footnotes":""},"class_list":["post-1666","page","type-page","status-publish","hentry"],"acf":[],"yoast_head":"<!-- This site is optimized with the Yoast SEO plugin v27.5 - https:\/\/yoast.com\/product\/yoast-seo-wordpress\/ -->\n<title>News - Dionysos Central Hotel Paphos<\/title>\n<meta name=\"description\" content=\"We are presenting all news of our hotel, special offers and all event news for the Paphos Area and for the island of Cyprus. Stay tuned for more.\" \/>\n<meta name=\"robots\" content=\"index, follow, max-snippet:-1, max-image-preview:large, max-video-preview:-1\" \/>\n<link rel=\"canonical\" href=\"https:\/\/dionysoshotelpaphos.com\/de\/news\/\" \/>\n<meta property=\"og:locale\" content=\"de_DE\" \/>\n<meta property=\"og:type\" content=\"article\" \/>\n<meta property=\"og:title\" content=\"News - Dionysos Central Hotel Paphos\" \/>\n<meta property=\"og:description\" content=\"We are presenting all news of our hotel, special offers and all event news for the Paphos Area and for the island of Cyprus. Stay tuned for more.\" \/>\n<meta property=\"og:url\" content=\"https:\/\/dionysoshotelpaphos.com\/de\/news\/\" \/>\n<meta property=\"og:site_name\" content=\"Dionysos Central Hotel Paphos\" \/>\n<meta property=\"article:modified_time\" content=\"2017-05-26T18:11:23+00:00\" \/>\n<meta name=\"twitter:card\" content=\"summary_large_image\" \/>\n<meta name=\"twitter:label1\" content=\"Gesch\u00e4tzte Lesezeit\" \/>\n\t<meta name=\"twitter:data1\" content=\"3 minutes\" \/>\n<script type=\"application\/ld+json\" class=\"yoast-schema-graph\">{\"@context\":\"https:\\\/\\\/schema.org\",\"@graph\":[{\"@type\":\"WebPage\",\"@id\":\"https:\\\/\\\/dionysoshotelpaphos.com\\\/de\\\/news\\\/\",\"url\":\"https:\\\/\\\/dionysoshotelpaphos.com\\\/de\\\/news\\\/\",\"name\":\"News - Dionysos Central Hotel Paphos\",\"isPartOf\":{\"@id\":\"https:\\\/\\\/dionysoshotelpaphos.com\\\/#website\"},\"datePublished\":\"2015-01-27T11:55:16+00:00\",\"dateModified\":\"2017-05-26T18:11:23+00:00\",\"description\":\"We are presenting all news of our hotel, special offers and all event news for the Paphos Area and for the island of Cyprus. Stay tuned for more.\",\"breadcrumb\":{\"@id\":\"https:\\\/\\\/dionysoshotelpaphos.com\\\/de\\\/news\\\/#breadcrumb\"},\"inLanguage\":\"de-DE\",\"potentialAction\":[{\"@type\":\"ReadAction\",\"target\":[\"https:\\\/\\\/dionysoshotelpaphos.com\\\/de\\\/news\\\/\"]}]},{\"@type\":\"BreadcrumbList\",\"@id\":\"https:\\\/\\\/dionysoshotelpaphos.com\\\/de\\\/news\\\/#breadcrumb\",\"itemListElement\":[{\"@type\":\"ListItem\",\"position\":1,\"name\":\"Home\",\"item\":\"https:\\\/\\\/dionysoshotelpaphos.com\\\/de\\\/\"},{\"@type\":\"ListItem\",\"position\":2,\"name\":\"News\"}]},{\"@type\":\"WebSite\",\"@id\":\"https:\\\/\\\/dionysoshotelpaphos.com\\\/#website\",\"url\":\"https:\\\/\\\/dionysoshotelpaphos.com\\\/\",\"name\":\"Dionysos Central Hotel Paphos\",\"description\":\"Right in the centre of Kato Paphos\",\"potentialAction\":[{\"@type\":\"SearchAction\",\"target\":{\"@type\":\"EntryPoint\",\"urlTemplate\":\"https:\\\/\\\/dionysoshotelpaphos.com\\\/?s={search_term_string}\"},\"query-input\":{\"@type\":\"PropertyValueSpecification\",\"valueRequired\":true,\"valueName\":\"search_term_string\"}}],\"inLanguage\":\"de-DE\"}]}<\/script>\n<!-- \/ Yoast SEO plugin. -->","yoast_head_json":{"title":"News - Dionysos Central Hotel Paphos","description":"We are presenting all news of our hotel, special offers and all event news for the Paphos Area and for the island of Cyprus. Stay tuned for more.","robots":{"index":"index","follow":"follow","max-snippet":"max-snippet:-1","max-image-preview":"max-image-preview:large","max-video-preview":"max-video-preview:-1"},"canonical":"https:\/\/dionysoshotelpaphos.com\/de\/news\/","og_locale":"de_DE","og_type":"article","og_title":"News - Dionysos Central Hotel Paphos","og_description":"We are presenting all news of our hotel, special offers and all event news for the Paphos Area and for the island of Cyprus. Stay tuned for more.","og_url":"https:\/\/dionysoshotelpaphos.com\/de\/news\/","og_site_name":"Dionysos Central Hotel Paphos","article_modified_time":"2017-05-26T18:11:23+00:00","twitter_card":"summary_large_image","twitter_misc":{"Gesch\u00e4tzte Lesezeit":"3 minutes"},"schema":{"@context":"https:\/\/schema.org","@graph":[{"@type":"WebPage","@id":"https:\/\/dionysoshotelpaphos.com\/de\/news\/","url":"https:\/\/dionysoshotelpaphos.com\/de\/news\/","name":"News - Dionysos Central Hotel Paphos","isPartOf":{"@id":"https:\/\/dionysoshotelpaphos.com\/#website"},"datePublished":"2015-01-27T11:55:16+00:00","dateModified":"2017-05-26T18:11:23+00:00","description":"We are presenting all news of our hotel, special offers and all event news for the Paphos Area and for the island of Cyprus. Stay tuned for more.","breadcrumb":{"@id":"https:\/\/dionysoshotelpaphos.com\/de\/news\/#breadcrumb"},"inLanguage":"de-DE","potentialAction":[{"@type":"ReadAction","target":["https:\/\/dionysoshotelpaphos.com\/de\/news\/"]}]},{"@type":"BreadcrumbList","@id":"https:\/\/dionysoshotelpaphos.com\/de\/news\/#breadcrumb","itemListElement":[{"@type":"ListItem","position":1,"name":"Home","item":"https:\/\/dionysoshotelpaphos.com\/de\/"},{"@type":"ListItem","position":2,"name":"News"}]},{"@type":"WebSite","@id":"https:\/\/dionysoshotelpaphos.com\/#website","url":"https:\/\/dionysoshotelpaphos.com\/","name":"Dionysos Central Hotel Paphos","description":"Right in the centre of Kato Paphos","potentialAction":[{"@type":"SearchAction","target":{"@type":"EntryPoint","urlTemplate":"https:\/\/dionysoshotelpaphos.com\/?s={search_term_string}"},"query-input":{"@type":"PropertyValueSpecification","valueRequired":true,"valueName":"search_term_string"}}],"inLanguage":"de-DE"}]}},"_links":{"self":[{"href":"https:\/\/dionysoshotelpaphos.com\/de\/wp-json\/wp\/v2\/pages\/1666","targetHints":{"allow":["GET"]}}],"collection":[{"href":"https:\/\/dionysoshotelpaphos.com\/de\/wp-json\/wp\/v2\/pages"}],"about":[{"href":"https:\/\/dionysoshotelpaphos.com\/de\/wp-json\/wp\/v2\/types\/page"}],"author":[{"embeddable":true,"href":"https:\/\/dionysoshotelpaphos.com\/de\/wp-json\/wp\/v2\/users\/1"}],"replies":[{"embeddable":true,"href":"https:\/\/dionysoshotelpaphos.com\/de\/wp-json\/wp\/v2\/comments?post=1666"}],"version-history":[{"count":6,"href":"https:\/\/dionysoshotelpaphos.com\/de\/wp-json\/wp\/v2\/pages\/1666\/revisions"}],"predecessor-version":[{"id":2758,"href":"https:\/\/dionysoshotelpaphos.com\/de\/wp-json\/wp\/v2\/pages\/1666\/revisions\/2758"}],"wp:attachment":[{"href":"https:\/\/dionysoshotelpaphos.com\/de\/wp-json\/wp\/v2\/media?parent=1666"}],"curies":[{"name":"wp","href":"https:\/\/api.w.org\/{rel}","templated":true}]}}