{"id":1661,"date":"2015-01-27T11:54:42","date_gmt":"2015-01-27T11:54:42","guid":{"rendered":"http:\/\/dionysoshotelpaphos.com\/de\/contact\/"},"modified":"2024-09-26T23:00:00","modified_gmt":"2024-09-26T20:00:00","slug":"contact","status":"publish","type":"page","link":"https:\/\/dionysoshotelpaphos.com\/de\/contact\/","title":{"rendered":"Contact"},"content":{"rendered":"<p><div class=\"fusion-fullwidth fullwidth-box fusion-builder-row-1 nonhundred-percent-fullwidth non-hundred-percent-height-scrolling\" style=\"--awb-background-position:left top;--awb-border-sizes-top:0px;--awb-border-sizes-bottom:0px;--awb-border-sizes-left:0px;--awb-border-sizes-right:0px;--awb-border-radius-top-left:0px;--awb-border-radius-top-right:0px;--awb-border-radius-bottom-right:0px;--awb-border-radius-bottom-left:0px;--awb-padding-top:70px;--awb-padding-bottom:25px;--awb-flex-wrap:wrap;\" ><div class=\"fusion-builder-row fusion-row\"><div class=\"fusion-layout-column fusion_builder_column fusion-builder-column-0 fusion_builder_column_1_2 1_2 fusion-one-half fusion-column-first\" style=\"--awb-bg-size:cover;width:48%; margin-right: 4%;\"><div class=\"fusion-column-wrapper fusion-flex-column-wrapper-legacy\"><div class=\"fusion-text fusion-text-1\"><h3>Kontaktieren Sie uns<\/h3>\n<p>Senden Sie uns eine Nachricht mit all Ihren Fragen und wir werden gl\u00fccklich sein, Ihnen zu helfen, ihre erstaunliche Urlaub zu finden.<\/p>\n<\/div>\n<div class=\"wpcf7 no-js\" id=\"wpcf7-f1764-o1\" lang=\"en-US\" dir=\"ltr\" data-wpcf7-id=\"1764\">\n<div class=\"screen-reader-response\"><p role=\"status\" aria-live=\"polite\" aria-atomic=\"true\"><\/p> <ul><\/ul><\/div>\n<form action=\"\/de\/wp-json\/wp\/v2\/pages\/1661#wpcf7-f1764-o1\" method=\"post\" class=\"wpcf7-form init\" aria-label=\"Contact form\" novalidate=\"novalidate\" data-status=\"init\">\n<fieldset class=\"hidden-fields-container\"><input type=\"hidden\" name=\"_wpcf7\" value=\"1764\" \/><input type=\"hidden\" name=\"_wpcf7_version\" value=\"6.1.5\" \/><input type=\"hidden\" name=\"_wpcf7_locale\" value=\"en_US\" \/><input type=\"hidden\" name=\"_wpcf7_unit_tag\" value=\"wpcf7-f1764-o1\" \/><input type=\"hidden\" name=\"_wpcf7_container_post\" value=\"0\" \/><input type=\"hidden\" name=\"_wpcf7_posted_data_hash\" value=\"\" \/>\n<\/fieldset>\n<p>Ihr Name (Erforderlich)\n<\/p>\n<p><span class=\"wpcf7-form-control-wrap\" data-name=\"your-name\"><input size=\"40\" maxlength=\"400\" class=\"wpcf7-form-control wpcf7-text wpcf7-validates-as-required\" aria-required=\"true\" aria-invalid=\"false\" value=\"\" type=\"text\" name=\"your-name\" \/><\/span>\n<\/p>\n<p>Ihre E-Mail (Erforderlich)\n<\/p>\n<p><span class=\"wpcf7-form-control-wrap\" data-name=\"your-email\"><input size=\"40\" maxlength=\"400\" class=\"wpcf7-form-control wpcf7-email wpcf7-validates-as-required wpcf7-text wpcf7-validates-as-email\" aria-required=\"true\" aria-invalid=\"false\" value=\"\" type=\"email\" name=\"your-email\" \/><\/span>\n<\/p>\n<p>Betreff (Erforderlich)\n<\/p>\n<p><span class=\"wpcf7-form-control-wrap\" data-name=\"your-subject\"><input size=\"40\" maxlength=\"400\" class=\"wpcf7-form-control wpcf7-text wpcf7-validates-as-required\" aria-required=\"true\" aria-invalid=\"false\" value=\"\" type=\"text\" name=\"your-subject\" \/><\/span>\n<\/p>\n<p>Ihre Nachricht\n<\/p>\n<p><span class=\"wpcf7-form-control-wrap\" data-name=\"your-message\"><textarea cols=\"40\" rows=\"10\" maxlength=\"2000\" class=\"wpcf7-form-control wpcf7-textarea\" aria-invalid=\"false\" name=\"your-message\"><\/textarea><\/span>\n<\/p>\n<p><input class=\"wpcf7-form-control wpcf7-submit has-spinner\" type=\"submit\" value=\"Senden\" \/>\n<\/p><div class=\"wpcf7-response-output\" aria-hidden=\"true\"><\/div>\n<\/form>\n<\/div>\n<div class=\"fusion-clearfix\"><\/div><\/div><\/div><div class=\"fusion-layout-column fusion_builder_column fusion-builder-column-1 fusion_builder_column_1_2 1_2 fusion-one-half fusion-column-last\" style=\"--awb-bg-size:cover;width:48%;\"><div class=\"fusion-column-wrapper fusion-flex-column-wrapper-legacy\"><div class=\"fusion-text fusion-text-2\"><h3>FAQ<\/h3>\n<p>Immer noch nicht sicher, ob wir k\u00f6nnen helfen? \u00dcberpr\u00fcfen Sie durch einige h\u00e4ufig gestellte Fragen und dann schicken Sie uns eine Nachricht.<\/p>\n<\/div><div class=\"fusion-sep-clear\"><\/div><div class=\"fusion-separator fusion-full-width-sep\" style=\"margin-left: auto;margin-right: auto;margin-bottom:20px;width:100%;\"><\/div><div class=\"fusion-sep-clear\"><\/div><div class=\"accordian fusion-accordian\" style=\"--awb-border-size:1px;--awb-icon-size:15px;--awb-content-font-size:15px;--awb-icon-alignment:left;--awb-hover-color:#ffffff;--awb-border-color:#cbaa5c;--awb-background-color:#ffffff;--awb-divider-color:#363839;--awb-divider-hover-color:#363839;--awb-icon-color:#ffffff;--awb-title-color:#0066bf;--awb-content-color:#747474;--awb-icon-box-color:#1e73be;--awb-toggle-hover-accent-color:#cbaa5c;--awb-title-font-family:&quot;Merriweather&quot;;--awb-title-font-weight:regular;--awb-title-font-style:normal;--awb-title-font-size:20px;--awb-title-letter-spacing:0px;--awb-title-line-height:1.4;--awb-content-font-family:&quot;Open Sans&quot;;--awb-content-font-style:normal;--awb-content-font-weight:regular;\"><div class=\"panel-group fusion-toggle-icon-boxed\" id=\"accordion-1661-1\"><div class=\"fusion-panel panel-default panel-eb8f04e0642319820 fusion-toggle-has-divider\"><div class=\"panel-heading\"><h4 class=\"panel-title toggle\" id=\"toggle_eb8f04e0642319820\"><a aria-expanded=\"false\" aria-controls=\"eb8f04e0642319820\" role=\"button\" data-toggle=\"collapse\" data-parent=\"#accordion-1661-1\" data-target=\"#eb8f04e0642319820\" href=\"#eb8f04e0642319820\"><span class=\"fusion-toggle-icon-wrapper\" aria-hidden=\"true\"><i class=\"fa-fusion-box active-icon awb-icon-minus\" aria-hidden=\"true\"><\/i><i class=\"fa-fusion-box inactive-icon awb-icon-plus\" aria-hidden=\"true\"><\/i><\/span><span class=\"fusion-toggle-heading\">Machen Sie Hochzeiten?<\/span><\/a><\/h4><\/div><div id=\"eb8f04e0642319820\" class=\"panel-collapse collapse \" aria-labelledby=\"toggle_eb8f04e0642319820\"><div class=\"panel-body toggle-content fusion-clearfix\">\n<p>Bitte senden Sie uns eine email mit Ihren Anforderungen f\u00fcr Ihre Hochzeit und wir erhalten zur\u00fcck zu Ihnen.<\/p>\n<\/div><\/div><\/div><div class=\"fusion-panel panel-default panel-c1d3af74c6171d24b fusion-toggle-has-divider\"><div class=\"panel-heading\"><h4 class=\"panel-title toggle\" id=\"toggle_c1d3af74c6171d24b\"><a aria-expanded=\"false\" aria-controls=\"c1d3af74c6171d24b\" role=\"button\" data-toggle=\"collapse\" data-parent=\"#accordion-1661-1\" data-target=\"#c1d3af74c6171d24b\" href=\"#c1d3af74c6171d24b\"><span class=\"fusion-toggle-icon-wrapper\" aria-hidden=\"true\"><i class=\"fa-fusion-box active-icon awb-icon-minus\" aria-hidden=\"true\"><\/i><i class=\"fa-fusion-box inactive-icon awb-icon-plus\" aria-hidden=\"true\"><\/i><\/span><span class=\"fusion-toggle-heading\">Muss ich im Voraus bezahlen?<\/span><\/a><\/h4><\/div><div id=\"c1d3af74c6171d24b\" class=\"panel-collapse collapse \" aria-labelledby=\"toggle_c1d3af74c6171d24b\"><div class=\"panel-body toggle-content fusion-clearfix\">\n<p>Alle Reservierungen m\u00fcssen eine 25% Anzahlung zur Best\u00e4tigung der Buchung zahlen.<\/p>\n<\/div><\/div><\/div><div class=\"fusion-panel panel-default panel-5f21f2cc425dfad5d fusion-toggle-has-divider\"><div class=\"panel-heading\"><h4 class=\"panel-title toggle\" id=\"toggle_5f21f2cc425dfad5d\"><a aria-expanded=\"false\" aria-controls=\"5f21f2cc425dfad5d\" role=\"button\" data-toggle=\"collapse\" data-parent=\"#accordion-1661-1\" data-target=\"#5f21f2cc425dfad5d\" href=\"#5f21f2cc425dfad5d\"><span class=\"fusion-toggle-icon-wrapper\" aria-hidden=\"true\"><i class=\"fa-fusion-box active-icon awb-icon-minus\" aria-hidden=\"true\"><\/i><i class=\"fa-fusion-box inactive-icon awb-icon-plus\" aria-hidden=\"true\"><\/i><\/span><span class=\"fusion-toggle-heading\">Erlauben Sie Kindern?<\/span><\/a><\/h4><\/div><div id=\"5f21f2cc425dfad5d\" class=\"panel-collapse collapse \" aria-labelledby=\"toggle_5f21f2cc425dfad5d\"><div class=\"panel-body toggle-content fusion-clearfix\">\n<p>Ja, ein Kind (2 &#8211; 12 Jahre alt) ist in allen Zimmertypen erlaubt\u00a0und erhalten Sie einen Rabatt von 50% auf den Erwachsenenpreis.<\/p>\n<\/div><\/div><\/div><div class=\"fusion-panel panel-default panel-7994a7a63b6495c99 fusion-toggle-has-divider\"><div class=\"panel-heading\"><h4 class=\"panel-title toggle\" id=\"toggle_7994a7a63b6495c99\"><a aria-expanded=\"false\" aria-controls=\"7994a7a63b6495c99\" role=\"button\" data-toggle=\"collapse\" data-parent=\"#accordion-1661-1\" data-target=\"#7994a7a63b6495c99\" href=\"#7994a7a63b6495c99\"><span class=\"fusion-toggle-icon-wrapper\" aria-hidden=\"true\"><i class=\"fa-fusion-box active-icon awb-icon-minus\" aria-hidden=\"true\"><\/i><i class=\"fa-fusion-box inactive-icon awb-icon-plus\" aria-hidden=\"true\"><\/i><\/span><span class=\"fusion-toggle-heading\">Haben Sie spezielle Angebote?<\/span><\/a><\/h4><\/div><div id=\"7994a7a63b6495c99\" class=\"panel-collapse collapse \" aria-labelledby=\"toggle_7994a7a63b6495c99\"><div class=\"panel-body toggle-content fusion-clearfix\">Ja, pr\u00fcfen Sie unsere <a href=\"http:\/\/dionysoshotelpaphos.com\/de\/reservations\/\">Reserveseite<\/a>, wo alle Angebote gebucht werden.<\/div><\/div><\/div><\/div><\/div><div class=\"fusion-clearfix\"><\/div><\/div><\/div><\/div><\/div><div class=\"fusion-fullwidth fullwidth-box fusion-builder-row-2 nonhundred-percent-fullwidth non-hundred-percent-height-scrolling\" style=\"--awb-background-position:left top;--awb-border-sizes-top:0px;--awb-border-sizes-bottom:0px;--awb-border-sizes-left:0px;--awb-border-sizes-right:0px;--awb-border-radius-top-left:0px;--awb-border-radius-top-right:0px;--awb-border-radius-bottom-right:0px;--awb-border-radius-bottom-left:0px;--awb-padding-top:0px;--awb-padding-bottom:40px;--awb-flex-wrap:wrap;\" ><div class=\"fusion-builder-row fusion-row\"><div class=\"fusion-layout-column fusion_builder_column fusion-builder-column-2 fusion_builder_column_1_2 1_2 fusion-one-half fusion-column-first\" style=\"--awb-bg-size:cover;width:48%; margin-right: 4%;\"><div class=\"fusion-column-wrapper fusion-flex-column-wrapper-legacy\"><div class=\"accordian fusion-accordian\" style=\"--awb-border-size:1px;--awb-icon-size:15px;--awb-content-font-size:15px;--awb-icon-alignment:left;--awb-hover-color:#ffffff;--awb-border-color:#cbaa5c;--awb-background-color:#ffffff;--awb-divider-color:#363839;--awb-divider-hover-color:#363839;--awb-icon-color:#ffffff;--awb-title-color:#0066bf;--awb-content-color:#747474;--awb-icon-box-color:#1e73be;--awb-toggle-hover-accent-color:#cbaa5c;--awb-title-font-family:&quot;Merriweather&quot;;--awb-title-font-weight:regular;--awb-title-font-style:normal;--awb-title-font-size:20px;--awb-title-letter-spacing:0px;--awb-title-line-height:1.4;--awb-content-font-family:&quot;Open Sans&quot;;--awb-content-font-style:normal;--awb-content-font-weight:regular;\"><div class=\"panel-group fusion-toggle-icon-boxed\" id=\"accordion-1661-2\"><div class=\"fusion-panel panel-default panel-e85854fb37c77c10a fusion-toggle-has-divider\"><div class=\"panel-heading\"><h4 class=\"panel-title toggle\" id=\"toggle_e85854fb37c77c10a\"><a aria-expanded=\"false\" aria-controls=\"e85854fb37c77c10a\" role=\"button\" data-toggle=\"collapse\" data-parent=\"#accordion-1661-2\" data-target=\"#e85854fb37c77c10a\" href=\"#e85854fb37c77c10a\"><span class=\"fusion-toggle-icon-wrapper\" aria-hidden=\"true\"><i class=\"fa-fusion-box active-icon awb-icon-minus\" aria-hidden=\"true\"><\/i><i class=\"fa-fusion-box inactive-icon awb-icon-plus\" aria-hidden=\"true\"><\/i><\/span><span class=\"fusion-toggle-heading\">Anfahrt vom Paphos Internationalen Flughafen<\/span><\/a><\/h4><\/div><div id=\"e85854fb37c77c10a\" class=\"panel-collapse collapse \" aria-labelledby=\"toggle_e85854fb37c77c10a\"><div class=\"panel-body toggle-content fusion-clearfix\">1. In Richtung Westen &#8211; Antrieb f\u00fcr 400 m<br \/>\n2. Rechts abbiegen &#8211; 230 m<br \/>\n3. Rechts abbiegen &#8211; 290 m<br \/>\n4. Biegen Sie links ab &#8211; 450 m<br \/>\n5. Biegen Sie rechts ab &#8211; 1,5 km<br \/>\nSpyros Kyprianou Avenue Poseidonos Avenue in Baf<br \/>\n6. Biegen Sie links ab &#8211; 1,7 Km<br \/>\n7. Weiter auf der Avenue Archibishob Makarios \u0399\u0399\u0399 &#8211; 110 m<br \/>\n8. Leicht links &#8211; 1.7 km<br \/>\n9. Bei Ezousas Knoten, nehmen Sie die zweite Ausfahrt Richtung Spyros Kyprianou Street &#8211; 1.8 km<br \/>\n10. Am Kreisverkehr nehmen Sie die erste Ausfahrt &#8211; 550 m<br \/>\n11. Am Kreisverkehr nehmen Sie die zweite Ausfahrt Poseidonos Avenue &#8211; 900 m<br \/>\n12. Am Kreisverkehr nehmen Sie die erste Ausfahrt auf die Poseidonos Avenue &#8211; 650 m<br \/>\n13. Weiter auf der Poseidonos Avenue &#8211; 300 m<br \/>\n14. Weiter auf der Poseidonos Avenue &#8211; Unser Hotel befindet sich auf der rechten Seite.<\/div><\/div><\/div><\/div><\/div><div class=\"fusion-clearfix\"><\/div><\/div><\/div><div class=\"fusion-layout-column fusion_builder_column fusion-builder-column-3 fusion_builder_column_1_2 1_2 fusion-one-half fusion-column-last\" style=\"--awb-bg-size:cover;width:48%;\"><div class=\"fusion-column-wrapper fusion-flex-column-wrapper-legacy\"><div class=\"accordian fusion-accordian\" style=\"--awb-border-size:1px;--awb-icon-size:15px;--awb-content-font-size:15px;--awb-icon-alignment:left;--awb-hover-color:#ffffff;--awb-border-color:#cbaa5c;--awb-background-color:#ffffff;--awb-divider-color:#363839;--awb-divider-hover-color:#363839;--awb-icon-color:#ffffff;--awb-title-color:#0066bf;--awb-content-color:#747474;--awb-icon-box-color:#1e73be;--awb-toggle-hover-accent-color:#cbaa5c;--awb-title-font-family:&quot;Merriweather&quot;;--awb-title-font-weight:regular;--awb-title-font-style:normal;--awb-title-font-size:20px;--awb-title-letter-spacing:0px;--awb-title-line-height:1.4;--awb-content-font-family:&quot;Open Sans&quot;;--awb-content-font-style:normal;--awb-content-font-weight:regular;\"><div class=\"panel-group fusion-toggle-icon-boxed\" id=\"accordion-1661-3\"><div class=\"fusion-panel panel-default panel-d2941114581cbc23f fusion-toggle-has-divider\"><div class=\"panel-heading\"><h4 class=\"panel-title toggle\" id=\"toggle_d2941114581cbc23f\"><a aria-expanded=\"false\" aria-controls=\"d2941114581cbc23f\" role=\"button\" data-toggle=\"collapse\" data-parent=\"#accordion-1661-3\" data-target=\"#d2941114581cbc23f\" href=\"#d2941114581cbc23f\"><span class=\"fusion-toggle-icon-wrapper\" aria-hidden=\"true\"><i class=\"fa-fusion-box active-icon awb-icon-minus\" aria-hidden=\"true\"><\/i><i class=\"fa-fusion-box inactive-icon awb-icon-plus\" aria-hidden=\"true\"><\/i><\/span><span class=\"fusion-toggle-heading\">Anfahrt vom Larnaca Internationalen Flughafen<\/span><\/a><\/h4><\/div><div id=\"d2941114581cbc23f\" class=\"panel-collapse collapse \" aria-labelledby=\"toggle_d2941114581cbc23f\"><div class=\"panel-body toggle-content fusion-clearfix\">1. Kopf in Richtung S\u00fcden Abfahrt<br \/>\n2. Halten Sie sich rechts &#8211; 91 m<br \/>\n3. Leicht rechts auf die Abfahrt &#8211; 750 m<br \/>\nnehmen Sie die A1 und A6, Demokratias Avenue in Konya<br \/>\n4. Am Flughafen, nehmen Sie die erste Ausfahrt &#8211; 4.5 km<br \/>\n5. Nehmen Sie die Ausfahrt Richtung A1 &#8211; 650 m<br \/>\n6. Links halten Richtung A1 &#8211; 47,9 km<br \/>\n7. Weiter auf der A1 &#8211; 30 km<br \/>\n8. Weiter auf der A6 &#8211; 45,6 km<br \/>\n9. Weiter Demokratias Avenure. Europa Allee zu Poseidonos Avenue in BAF<br \/>\n10. Am Kreisverkehr nehmen Sie die erste Ausfahrt auf Demokratias Avenue. &#8211; 1,8 km<br \/>\n11. Am Kreisverkehr nehmen Sie die zweite Ausfahrt auf Europa&#8217;s Avenue. &#8211; 2.2 km<br \/>\n12. Am Kreisverkehr nehmen Sie die zweite Ausfahrt auf Danais Avenue. &#8211; 550 m<br \/>\n13. Nehmen Sie die Ausfahrt nach rechts auf die Poseidonos Avenue. &#8211; 1,3 km<br \/>\n14. Folgen Sie weiter auf Poseidonos Avenue<br \/>\nZiel wird auf der rechten Seite. &#8211; 1,3 km<\/div><\/div><\/div><\/div><\/div><div class=\"fusion-clearfix\"><\/div><\/div><\/div><\/div><\/div><div class=\"fusion-fullwidth fullwidth-box fusion-builder-row-3 nonhundred-percent-fullwidth non-hundred-percent-height-scrolling\" style=\"--awb-background-position:left top;--awb-border-sizes-top:0px;--awb-border-sizes-bottom:0px;--awb-border-sizes-left:0px;--awb-border-sizes-right:0px;--awb-border-radius-top-left:0px;--awb-border-radius-top-right:0px;--awb-border-radius-bottom-right:0px;--awb-border-radius-bottom-left:0px;--awb-flex-wrap:wrap;\" ><div class=\"fusion-builder-row fusion-row\"><div class=\"fusion-layout-column fusion_builder_column fusion-builder-column-4 fusion_builder_column_1_1 1_1 fusion-one-full fusion-column-first fusion-column-last fusion-column-no-min-height\" style=\"--awb-bg-size:cover;--awb-margin-bottom:0px;\"><div class=\"fusion-column-wrapper fusion-column-has-shadow fusion-flex-column-wrapper-legacy\"><iframe src=\"https:\/\/www.google.com\/maps\/d\/embed?mid=1epoBwQ5JoltERd4Gg6bAJbHDUr12nDM&ehbc=2E312F&noprof=1\" width=\"100%\" height=\"480\"><\/iframe><div class=\"fusion-clearfix\"><\/div><\/div><\/div><\/div><\/div><\/p>\n","protected":false},"excerpt":{"rendered":"","protected":false},"author":1,"featured_media":0,"parent":0,"menu_order":35,"comment_status":"closed","ping_status":"closed","template":"100-width.php","meta":{"_acf_changed":false,"footnotes":""},"class_list":["post-1661","page","type-page","status-publish","hentry"],"acf":[],"yoast_head":"<!-- This site is optimized with the Yoast SEO plugin v27.4 - https:\/\/yoast.com\/product\/yoast-seo-wordpress\/ -->\n<title>Contact us | Dionysos Central Hotel | Paphos, Cyprus<\/title>\n<meta name=\"description\" content=\"Do you have questions or need help to plan your perfect holidays? Just contact us and we will be happy to assist you and answer all your questions.\" \/>\n<meta name=\"robots\" content=\"index, follow, max-snippet:-1, max-image-preview:large, max-video-preview:-1\" \/>\n<link rel=\"canonical\" href=\"https:\/\/dionysoshotelpaphos.com\/de\/contact\/\" \/>\n<meta property=\"og:locale\" content=\"de_DE\" \/>\n<meta property=\"og:type\" content=\"article\" \/>\n<meta property=\"og:title\" content=\"Contact us | Dionysos Central Hotel | Paphos, Cyprus\" \/>\n<meta property=\"og:description\" content=\"Do you have questions or need help to plan your perfect holidays? Just contact us and we will be happy to assist you and answer all your questions.\" \/>\n<meta property=\"og:url\" content=\"https:\/\/dionysoshotelpaphos.com\/de\/contact\/\" \/>\n<meta property=\"og:site_name\" content=\"Dionysos Central Hotel Paphos\" \/>\n<meta property=\"article:modified_time\" content=\"2024-09-26T20:00:00+00:00\" \/>\n<meta name=\"twitter:card\" content=\"summary_large_image\" \/>\n<meta name=\"twitter:label1\" content=\"Gesch\u00e4tzte Lesezeit\" \/>\n\t<meta name=\"twitter:data1\" content=\"6 minutes\" \/>\n<script type=\"application\/ld+json\" class=\"yoast-schema-graph\">{\"@context\":\"https:\\\/\\\/schema.org\",\"@graph\":[{\"@type\":\"WebPage\",\"@id\":\"https:\\\/\\\/dionysoshotelpaphos.com\\\/de\\\/contact\\\/\",\"url\":\"https:\\\/\\\/dionysoshotelpaphos.com\\\/de\\\/contact\\\/\",\"name\":\"Contact us | Dionysos Central Hotel | Paphos, Cyprus\",\"isPartOf\":{\"@id\":\"https:\\\/\\\/dionysoshotelpaphos.com\\\/#website\"},\"datePublished\":\"2015-01-27T11:54:42+00:00\",\"dateModified\":\"2024-09-26T20:00:00+00:00\",\"description\":\"Do you have questions or need help to plan your perfect holidays? Just contact us and we will be happy to assist you and answer all your questions.\",\"breadcrumb\":{\"@id\":\"https:\\\/\\\/dionysoshotelpaphos.com\\\/de\\\/contact\\\/#breadcrumb\"},\"inLanguage\":\"de-DE\",\"potentialAction\":[{\"@type\":\"ReadAction\",\"target\":[\"https:\\\/\\\/dionysoshotelpaphos.com\\\/de\\\/contact\\\/\"]}]},{\"@type\":\"BreadcrumbList\",\"@id\":\"https:\\\/\\\/dionysoshotelpaphos.com\\\/de\\\/contact\\\/#breadcrumb\",\"itemListElement\":[{\"@type\":\"ListItem\",\"position\":1,\"name\":\"Home\",\"item\":\"https:\\\/\\\/dionysoshotelpaphos.com\\\/de\\\/\"},{\"@type\":\"ListItem\",\"position\":2,\"name\":\"Contact\"}]},{\"@type\":\"WebSite\",\"@id\":\"https:\\\/\\\/dionysoshotelpaphos.com\\\/#website\",\"url\":\"https:\\\/\\\/dionysoshotelpaphos.com\\\/\",\"name\":\"Dionysos Central Hotel Paphos\",\"description\":\"Right in the centre of Kato Paphos\",\"potentialAction\":[{\"@type\":\"SearchAction\",\"target\":{\"@type\":\"EntryPoint\",\"urlTemplate\":\"https:\\\/\\\/dionysoshotelpaphos.com\\\/?s={search_term_string}\"},\"query-input\":{\"@type\":\"PropertyValueSpecification\",\"valueRequired\":true,\"valueName\":\"search_term_string\"}}],\"inLanguage\":\"de-DE\"}]}<\/script>\n<!-- \/ Yoast SEO plugin. -->","yoast_head_json":{"title":"Contact us | Dionysos Central Hotel | Paphos, Cyprus","description":"Do you have questions or need help to plan your perfect holidays? Just contact us and we will be happy to assist you and answer all your questions.","robots":{"index":"index","follow":"follow","max-snippet":"max-snippet:-1","max-image-preview":"max-image-preview:large","max-video-preview":"max-video-preview:-1"},"canonical":"https:\/\/dionysoshotelpaphos.com\/de\/contact\/","og_locale":"de_DE","og_type":"article","og_title":"Contact us | Dionysos Central Hotel | Paphos, Cyprus","og_description":"Do you have questions or need help to plan your perfect holidays? Just contact us and we will be happy to assist you and answer all your questions.","og_url":"https:\/\/dionysoshotelpaphos.com\/de\/contact\/","og_site_name":"Dionysos Central Hotel Paphos","article_modified_time":"2024-09-26T20:00:00+00:00","twitter_card":"summary_large_image","twitter_misc":{"Gesch\u00e4tzte Lesezeit":"6 minutes"},"schema":{"@context":"https:\/\/schema.org","@graph":[{"@type":"WebPage","@id":"https:\/\/dionysoshotelpaphos.com\/de\/contact\/","url":"https:\/\/dionysoshotelpaphos.com\/de\/contact\/","name":"Contact us | Dionysos Central Hotel | Paphos, Cyprus","isPartOf":{"@id":"https:\/\/dionysoshotelpaphos.com\/#website"},"datePublished":"2015-01-27T11:54:42+00:00","dateModified":"2024-09-26T20:00:00+00:00","description":"Do you have questions or need help to plan your perfect holidays? Just contact us and we will be happy to assist you and answer all your questions.","breadcrumb":{"@id":"https:\/\/dionysoshotelpaphos.com\/de\/contact\/#breadcrumb"},"inLanguage":"de-DE","potentialAction":[{"@type":"ReadAction","target":["https:\/\/dionysoshotelpaphos.com\/de\/contact\/"]}]},{"@type":"BreadcrumbList","@id":"https:\/\/dionysoshotelpaphos.com\/de\/contact\/#breadcrumb","itemListElement":[{"@type":"ListItem","position":1,"name":"Home","item":"https:\/\/dionysoshotelpaphos.com\/de\/"},{"@type":"ListItem","position":2,"name":"Contact"}]},{"@type":"WebSite","@id":"https:\/\/dionysoshotelpaphos.com\/#website","url":"https:\/\/dionysoshotelpaphos.com\/","name":"Dionysos Central Hotel Paphos","description":"Right in the centre of Kato Paphos","potentialAction":[{"@type":"SearchAction","target":{"@type":"EntryPoint","urlTemplate":"https:\/\/dionysoshotelpaphos.com\/?s={search_term_string}"},"query-input":{"@type":"PropertyValueSpecification","valueRequired":true,"valueName":"search_term_string"}}],"inLanguage":"de-DE"}]}},"_links":{"self":[{"href":"https:\/\/dionysoshotelpaphos.com\/de\/wp-json\/wp\/v2\/pages\/1661","targetHints":{"allow":["GET"]}}],"collection":[{"href":"https:\/\/dionysoshotelpaphos.com\/de\/wp-json\/wp\/v2\/pages"}],"about":[{"href":"https:\/\/dionysoshotelpaphos.com\/de\/wp-json\/wp\/v2\/types\/page"}],"author":[{"embeddable":true,"href":"https:\/\/dionysoshotelpaphos.com\/de\/wp-json\/wp\/v2\/users\/1"}],"replies":[{"embeddable":true,"href":"https:\/\/dionysoshotelpaphos.com\/de\/wp-json\/wp\/v2\/comments?post=1661"}],"version-history":[{"count":28,"href":"https:\/\/dionysoshotelpaphos.com\/de\/wp-json\/wp\/v2\/pages\/1661\/revisions"}],"predecessor-version":[{"id":4142,"href":"https:\/\/dionysoshotelpaphos.com\/de\/wp-json\/wp\/v2\/pages\/1661\/revisions\/4142"}],"wp:attachment":[{"href":"https:\/\/dionysoshotelpaphos.com\/de\/wp-json\/wp\/v2\/media?parent=1661"}],"curies":[{"name":"wp","href":"https:\/\/api.w.org\/{rel}","templated":true}]}}