{"id":1601,"date":"2015-12-31T16:27:59","date_gmt":"2015-12-31T16:27:59","guid":{"rendered":"http:\/\/dionysoshotelpaphos.com\/de\/flights\/"},"modified":"2021-02-06T18:42:01","modified_gmt":"2021-02-06T15:42:01","slug":"flights","status":"publish","type":"page","link":"https:\/\/dionysoshotelpaphos.com\/de\/flights\/","title":{"rendered":"Flights"},"content":{"rendered":"<p><div class=\"fusion-fullwidth fullwidth-box fusion-builder-row-1 nonhundred-percent-fullwidth non-hundred-percent-height-scrolling fusion-equal-height-columns\" style=\"--awb-background-position:left top;--awb-border-sizes-top:0px;--awb-border-sizes-bottom:0px;--awb-border-sizes-left:0px;--awb-border-sizes-right:0px;--awb-border-radius-top-left:0px;--awb-border-radius-top-right:0px;--awb-border-radius-bottom-right:0px;--awb-border-radius-bottom-left:0px;--awb-padding-bottom:80px;--awb-flex-wrap:wrap;\" ><div class=\"fusion-builder-row fusion-row\"><div class=\"fusion-layout-column fusion_builder_column fusion-builder-column-0 fusion_builder_column_1_1 1_1 fusion-one-full fusion-column-first fusion-column-last fusion-column-no-min-height\" style=\"--awb-bg-size:cover;--awb-margin-bottom:0px;\"><div class=\"fusion-column-wrapper fusion-flex-column-wrapper-legacy\"><div class=\"fusion-text fusion-text-1\"><h1 style=\"text-align: center;\">Finden Sie g\u00fcnstige Fl\u00fcge<\/h1>\n<\/div><div class=\"fusion-sep-clear\"><\/div><div class=\"fusion-separator\" style=\"margin-left: auto;margin-right: auto;margin-top:0px;margin-bottom:50px;width:100%;max-width:50px;\"><div class=\"fusion-separator-border sep-single sep-solid\" style=\"--awb-height:20px;--awb-amount:20px;border-color:#363839;border-top-width:1px;\"><\/div><\/div><div class=\"fusion-sep-clear\"><\/div><div class=\"fusion-clearfix\"><\/div><\/div><\/div><div class=\"fusion-layout-column fusion_builder_column fusion-builder-column-1 fusion_builder_column_2_5 2_5 fusion-two-fifth fusion-column-first\" style=\"--awb-bg-position:right bottom;--awb-bg-size:cover;width:37.6%; margin-right: 4%;\"><div class=\"fusion-column-wrapper fusion-flex-column-wrapper-legacy\"><script charset=\"utf-8\" src=\"\/\/www.travelpayouts.com\/widgets\/d514ec48f1d082e079ff1f322dbea737.js?v=1735\" async><\/script><div class=\"fusion-clearfix\"><\/div><\/div><\/div><div class=\"fusion-layout-column fusion_builder_column fusion-builder-column-2 fusion_builder_column_3_5 3_5 fusion-three-fifth fusion-column-last\" style=\"--awb-padding-top:40px;--awb-padding-right:30px;--awb-padding-bottom:40px;--awb-padding-left:30px;--awb-bg-size:cover;--awb-border-color:#c1c1c1;--awb-border-top:1px;--awb-border-right:1px;--awb-border-bottom:1px;--awb-border-left:1px;--awb-border-style:solid;width:58.4%;\"><div class=\"fusion-column-wrapper fusion-flex-column-wrapper-legacy\"><div class=\"fusion-text fusion-text-2\"><p style=\"text-align: center;\">Wir haben eine Partnerschaft mit Travelpayouts gefunden, um g\u00fcnstige Fl\u00fcge nach Zypern zu finden. Sie k\u00f6nnen \u00a0Preise von mehr als 1000 Airlines &amp; Dutzende von Travel Sites suchen und vergleichen.<\/p>\n<p style=\"text-align: center;\"><div class=\"fusion-sep-clear\"><\/div><div class=\"fusion-separator fusion-has-icon fusion-full-width-sep\" style=\"margin-left: auto;margin-right: auto;margin-top:20px;margin-bottom:40px;width:100%;\"><div class=\"fusion-separator-border sep-single sep-solid\" style=\"--awb-height:20px;--awb-amount:20px;border-color:#363839;border-top-width:1px;\"><\/div><span class=\"icon-wrapper\" style=\"border-color:#363839;background-color:#333333;font-size:15px;width: 1.75em; height: 1.75em;border-width:1px;padding:1px;margin-top:-0.5px\"><i class=\" fa fa-plane\" style=\"font-size: inherit;color:#363839;\" aria-hidden=\"true\"><\/i><\/span><div class=\"fusion-separator-border sep-single sep-solid\" style=\"--awb-height:20px;--awb-amount:20px;border-color:#363839;border-top-width:1px;\"><\/div><\/div><div class=\"fusion-sep-clear\"><\/div><\/p>\n<p style=\"text-align: center;\">Das Standardziel ist Paphos International Airport. Wenn Sie nach Larnaca International Airport zu fliegen, klicken Sie einfach in das Ziel-Feld und f\u00fcgen Sie &#8220;Larnaca&#8221;.<\/p>\n<\/div><div class=\"fusion-clearfix\"><\/div><\/div><\/div><\/div><\/div><div class=\"fusion-fullwidth fullwidth-box fusion-builder-row-2 nonhundred-percent-fullwidth non-hundred-percent-height-scrolling fusion-equal-height-columns\" style=\"--awb-background-position:left top;--awb-border-sizes-top:0px;--awb-border-sizes-bottom:0px;--awb-border-sizes-left:0px;--awb-border-sizes-right:0px;--awb-border-radius-top-left:0px;--awb-border-radius-top-right:0px;--awb-border-radius-bottom-right:0px;--awb-border-radius-bottom-left:0px;--awb-padding-top:0px;--awb-padding-bottom:60px;--awb-flex-wrap:wrap;\" ><div class=\"fusion-builder-row fusion-row\"><div class=\"fusion-layout-column fusion_builder_column fusion-builder-column-3 fusion_builder_column_1_1 1_1 fusion-one-full fusion-column-first fusion-column-last fusion-column-no-min-height\" style=\"--awb-bg-size:cover;--awb-margin-bottom:0px;\"><div class=\"fusion-column-wrapper fusion-flex-column-wrapper-legacy\"><div class=\"fusion-text fusion-text-3\"><h1 style=\"text-align: center;\">Tipps f\u00fcr g\u00fcnstige Fl\u00fcge<\/h1>\n<\/div><div class=\"fusion-sep-clear\"><\/div><div class=\"fusion-separator\" style=\"margin-left: auto;margin-right: auto;margin-bottom:60px;width:100%;max-width:50px;\"><div class=\"fusion-separator-border sep-single sep-solid\" style=\"--awb-height:20px;--awb-amount:20px;border-color:#363839;border-top-width:1px;\"><\/div><\/div><div class=\"fusion-sep-clear\"><\/div><div class=\"fusion-clearfix\"><\/div><\/div><\/div><div class=\"fusion-layout-column fusion_builder_column fusion-builder-column-4 fusion_builder_column_1_1 1_1 fusion-one-full fusion-column-first fusion-column-last fusion-column-no-min-height\" style=\"--awb-bg-size:cover;--awb-margin-bottom:0px;\"><div class=\"fusion-column-wrapper fusion-flex-column-wrapper-legacy\"><div class=\"fusion-content-boxes content-boxes columns row fusion-columns-3 fusion-columns-total-3 fusion-content-boxes-1 content-boxes-icon-with-title content-left\" style=\"--awb-iconcolor:#ffffff;--awb-margin-top:0px;--awb-margin-bottom:0px;--awb-hover-accent-color:#ea0000;--awb-circle-hover-accent-color:#ea0000;\" data-animationOffset=\"top-into-view\"><div style=\"--awb-backgroundcolor:rgba(255,255,255,0);--awb-iconcolor:#ffffff;\" class=\"fusion-column content-box-column content-box-column content-box-column-1 col-lg-4 col-md-4 col-sm-4 fusion-content-box-hover content-box-column-first-in-row\"><div class=\"col content-box-wrapper content-wrapper link-area-link-icon icon-hover-animation-pulsate\" data-animationOffset=\"top-into-view\"><div class=\"heading heading-with-icon icon-left\"><div class=\"icon\"><i style=\"border-color:#1e73be;border-width:1px;background-color:#1e73be;box-sizing:content-box;height:56px;width:56px;line-height:56px;border-radius:50%;font-size:28px;\" aria-hidden=\"true\" class=\"fontawesome-icon fa fa-plane circle-yes\"><\/i><\/div><h2 class=\"content-box-heading fusion-responsive-typography-calculated\" style=\"--h2_typography-font-size:32px;--fontSize:32;line-height:1.4;\">Wenn zu fliegen<\/h2><\/div><div class=\"fusion-clearfix\"><\/div><div class=\"content-container\">\n<h4>1. Buchen Sie Ihren Flug mitten in der Woche<\/h4>\n<p>Dienstags und\u00a0Mittwochs sind die Fl\u00fcge oft halb voll. Die meisten Leute reisen an anderen Tagen und billigere Sitze sind am Wochenende zur Verf\u00fcgung.<\/p>\n<h4>2. Buchen Sie mindestens 3 Monate im Voraus<\/h4>\n<p>Die billigsten Fl\u00fcge werden zuerst verkauft. Solange Sie warten, um Ihr Ticket zu buchen, wird es teurer. So intelligente Buchung bedeutet, buchen Sie Ihren Flug mindestens 3 Monate im Voraus.<\/p>\n<\/div><\/div><\/div><div style=\"--awb-backgroundcolor:rgba(255,255,255,0);--awb-iconcolor:#ffffff;\" class=\"fusion-column content-box-column content-box-column content-box-column-2 col-lg-4 col-md-4 col-sm-4 fusion-content-box-hover \"><div class=\"col content-box-wrapper content-wrapper link-area-link-icon icon-hover-animation-pulsate\" data-animationOffset=\"top-into-view\"><div class=\"heading heading-with-icon icon-left\"><div class=\"icon\"><i style=\"border-color:#1e73be;border-width:1px;background-color:#1e73be;box-sizing:content-box;height:56px;width:56px;line-height:56px;border-radius:50%;font-size:28px;\" aria-hidden=\"true\" class=\"fontawesome-icon fa fa-plane circle-yes\"><\/i><\/div><h2 class=\"content-box-heading fusion-responsive-typography-calculated\" style=\"--h2_typography-font-size:32px;--fontSize:32;line-height:1.4;\">Was ist zu tun<\/h2><\/div><div class=\"fusion-clearfix\"><\/div><div class=\"content-container\">\n<h4>3. Kombinieren Sie Fluggesellschaften<\/h4>\n<p>Wenn es m\u00f6glich ist, Fluggesellschaften zu kombinieren, erhalten Sie m\u00f6glicherweise einen besseren Preis und vielleicht sehen Sie eine andere Stadt.<\/p>\n<h4>4. \u00dcberpr\u00fcfen Sie alle Flugh\u00e4fen<\/h4>\n<p>Die gro\u00dfen internationalen Flugh\u00e4fen in allen gro\u00dfen St\u00e4dten haben hohe Steuern und Geb\u00fchren. Kleine Flugh\u00e4fen sind viel billiger, als niedrigere Flugpreise.<\/p>\n<\/div><\/div><\/div><div style=\"--awb-backgroundcolor:rgba(255,255,255,0);--awb-iconcolor:#ffffff;\" class=\"fusion-column content-box-column content-box-column content-box-column-3 col-lg-4 col-md-4 col-sm-4 fusion-content-box-hover content-box-column-last content-box-column-last-in-row\"><div class=\"col content-box-wrapper content-wrapper link-area-link-icon icon-hover-animation-pulsate\" data-animationOffset=\"top-into-view\"><div class=\"heading heading-with-icon icon-left\"><div class=\"icon\"><i style=\"border-color:#1e73be;border-width:1px;background-color:#1e73be;box-sizing:content-box;height:56px;width:56px;line-height:56px;border-radius:50%;font-size:28px;\" aria-hidden=\"true\" class=\"fontawesome-icon fa fa-plane circle-yes\"><\/i><\/div><h2 class=\"content-box-heading fusion-responsive-typography-calculated\" style=\"--h2_typography-font-size:32px;--fontSize:32;line-height:1.4;\">L\u00e4uft einfach<\/h2><\/div><div class=\"fusion-clearfix\"><\/div><div class=\"content-container\">\n<h4>5. Seien Sie flexibel mit Ihren Daten<\/h4>\n<p>Verwenden Sie die &#8220;Low Price Calendar&#8221; am Anfang der Ergebnisse, in der Seite Fl\u00fcge suchen. Es wird Ihnen zeigen, wenn der Preis g\u00fcnstiger ist, 1 oder 2 Tage vor oder nach Ihrer geplanten Termine. Es gibt eine Chance, niedrigere Flugpreise zu finden.<\/p>\n<\/div><\/div><\/div><div class=\"fusion-clearfix\"><\/div><\/div><div class=\"fusion-clearfix\"><\/div><\/div><\/div><\/div><\/div><div class=\"fusion-bg-parallax\" data-bg-align=\"left top\" data-direction=\"up\" data-mute=\"false\" data-opacity=\"100\" data-velocity=\"-0.2\" data-mobile-enabled=\"false\" data-break_parents=\"0\" data-bg-image=\"https:\/\/dionysoshotelpaphos.com\/wp-content\/uploads\/dionysos-central-hotel-paphos-lobby.jpg\" data-bg-repeat=\"false\" ><\/div><div class=\"fusion-fullwidth fullwidth-box fusion-builder-row-3 fusion-parallax-up nonhundred-percent-fullwidth non-hundred-percent-height-scrolling lazyload\" style=\"--awb-background-position:left top;--awb-border-sizes-top:0px;--awb-border-sizes-bottom:0px;--awb-border-sizes-left:0px;--awb-border-sizes-right:0px;--awb-border-radius-top-left:0px;--awb-border-radius-top-right:0px;--awb-border-radius-bottom-right:0px;--awb-border-radius-bottom-left:0px;--awb-padding-top:110px;--awb-padding-right:0px;--awb-padding-bottom:70px;--awb-padding-left:0px;--awb-background-size:cover;--awb-flex-wrap:wrap;\" data-bg=\"https:\/\/dionysoshotelpaphos.com\/wp-content\/uploads\/dionysos-central-hotel-paphos-lobby.jpg\" ><div class=\"fusion-builder-row fusion-row\"><div class=\"fusion-layout-column fusion_builder_column fusion-builder-column-5 fusion_builder_column_1_6 1_6 fusion-one-sixth fusion-column-first\" style=\"--awb-padding-top:10%;--awb-padding-right:10%;--awb-padding-bottom:10%;--awb-padding-left:10%;--awb-bg-size:cover;width:13.3333%; margin-right: 4%;\"><div class=\"fusion-column-wrapper fusion-flex-column-wrapper-legacy\"><div class=\"fusion-clearfix\"><\/div><\/div><\/div><div class=\"fusion-layout-column fusion_builder_column fusion-builder-column-6 fusion_builder_column_2_3 2_3 fusion-two-third\" style=\"--awb-padding-top:10%;--awb-padding-right:10%;--awb-padding-bottom:10%;--awb-padding-left:10%;--awb-bg-color:rgba(255,255,255,.7);--awb-bg-color-hover:rgba(255,255,255,.7);--awb-bg-size:cover;width:65.3333%; margin-right: 4%;\"><div class=\"fusion-column-wrapper fusion-flex-column-wrapper-legacy\"><div class=\"fusion-text fusion-text-4\"><p style=\"letter-spacing: 4px; font-size: 18px; margin-bottom: 0px; text-align: center;\">DIONYSOS CENTRAL HOTEL<\/p>\n<h1 style=\"text-align: center; margin-top: 10px;\">Buchen Sie Ihren n\u00e4chsten Urlaub!<\/h1>\n<\/div><div class=\"fusion-sep-clear\"><\/div><div class=\"fusion-separator\" style=\"margin-left: auto;margin-right: auto;margin-top:0px;margin-bottom:20px;width:100%;max-width:50px;\"><div class=\"fusion-separator-border sep-single sep-solid\" style=\"--awb-height:20px;--awb-amount:20px;border-color:#363839;border-top-width:1px;\"><\/div><\/div><div class=\"fusion-sep-clear\"><\/div><div class=\"fusion-sep-clear\"><\/div><div class=\"fusion-separator fusion-full-width-sep\" style=\"margin-left: auto;margin-right: auto;margin-top:12px;width:100%;\"><\/div><div class=\"fusion-sep-clear\"><\/div><div class=\"fusion-button-wrapper fusion-aligncenter\"><a class=\"fusion-button button-flat button-xlarge button-default fusion-button-default button-1 fusion-button-default-span fusion-button-default-type\" target=\"_self\" href=\"https:\/\/dionysoshotelpaphos.reserve-online.net\"><span class=\"fusion-button-text awb-button__text awb-button__text--default\">Buchen Sie Jetzt<\/span><i class=\"fa-arrow-right fas awb-button__icon awb-button__icon--default button-icon-right\" aria-hidden=\"true\"><\/i><\/a><\/div><div class=\"fusion-clearfix\"><\/div><\/div><\/div><div class=\"fusion-layout-column fusion_builder_column fusion-builder-column-7 fusion_builder_column_1_6 1_6 fusion-one-sixth fusion-column-last\" style=\"--awb-padding-top:10%;--awb-padding-right:10%;--awb-padding-bottom:10%;--awb-padding-left:10%;--awb-bg-size:cover;width:13.3333%;\"><div class=\"fusion-column-wrapper fusion-flex-column-wrapper-legacy\"><div class=\"fusion-clearfix\"><\/div><\/div><\/div><\/div><\/div><\/p>\n","protected":false},"excerpt":{"rendered":"","protected":false},"author":1,"featured_media":0,"parent":0,"menu_order":20,"comment_status":"closed","ping_status":"closed","template":"100-width.php","meta":{"_acf_changed":false,"footnotes":""},"class_list":["post-1601","page","type-page","status-publish","hentry"],"acf":[],"yoast_head":"<!-- This site is optimized with the Yoast SEO plugin v27.6 - https:\/\/yoast.com\/product\/yoast-seo-wordpress\/ -->\n<title>Find Cheap Flights | Dionysos Central Hotel | Paphos<\/title>\n<meta name=\"description\" content=\"Search for cheap flights to Cyprus.\u00a0We search and compare prices from more than 1000 Airlines &amp; dozens of Travel Sites. Tips for cheap flights!\" \/>\n<meta name=\"robots\" content=\"index, follow, max-snippet:-1, max-image-preview:large, max-video-preview:-1\" \/>\n<link rel=\"canonical\" href=\"https:\/\/dionysoshotelpaphos.com\/de\/flights\/\" \/>\n<meta property=\"og:locale\" content=\"de_DE\" \/>\n<meta property=\"og:type\" content=\"article\" \/>\n<meta property=\"og:title\" content=\"Find Cheap Flights | Dionysos Central Hotel | Paphos\" \/>\n<meta property=\"og:description\" content=\"Search for cheap flights to Cyprus.\u00a0We search and compare prices from more than 1000 Airlines &amp; dozens of Travel Sites. Tips for cheap flights!\" \/>\n<meta property=\"og:url\" content=\"https:\/\/dionysoshotelpaphos.com\/de\/flights\/\" \/>\n<meta property=\"og:site_name\" content=\"Dionysos Central Hotel Paphos\" \/>\n<meta property=\"article:modified_time\" content=\"2021-02-06T15:42:01+00:00\" \/>\n<meta name=\"twitter:card\" content=\"summary_large_image\" \/>\n<meta name=\"twitter:label1\" content=\"Gesch\u00e4tzte Lesezeit\" \/>\n\t<meta name=\"twitter:data1\" content=\"9 minutes\" \/>\n<script type=\"application\/ld+json\" class=\"yoast-schema-graph\">{\"@context\":\"https:\\\/\\\/schema.org\",\"@graph\":[{\"@type\":\"WebPage\",\"@id\":\"https:\\\/\\\/dionysoshotelpaphos.com\\\/de\\\/flights\\\/\",\"url\":\"https:\\\/\\\/dionysoshotelpaphos.com\\\/de\\\/flights\\\/\",\"name\":\"Find Cheap Flights | Dionysos Central Hotel | Paphos\",\"isPartOf\":{\"@id\":\"https:\\\/\\\/dionysoshotelpaphos.com\\\/#website\"},\"datePublished\":\"2015-12-31T16:27:59+00:00\",\"dateModified\":\"2021-02-06T15:42:01+00:00\",\"description\":\"Search for cheap flights to Cyprus.\u00a0We search and compare prices from more than 1000 Airlines & dozens of Travel Sites. Tips for cheap flights!\",\"breadcrumb\":{\"@id\":\"https:\\\/\\\/dionysoshotelpaphos.com\\\/de\\\/flights\\\/#breadcrumb\"},\"inLanguage\":\"de-DE\",\"potentialAction\":[{\"@type\":\"ReadAction\",\"target\":[\"https:\\\/\\\/dionysoshotelpaphos.com\\\/de\\\/flights\\\/\"]}]},{\"@type\":\"BreadcrumbList\",\"@id\":\"https:\\\/\\\/dionysoshotelpaphos.com\\\/de\\\/flights\\\/#breadcrumb\",\"itemListElement\":[{\"@type\":\"ListItem\",\"position\":1,\"name\":\"Home\",\"item\":\"https:\\\/\\\/dionysoshotelpaphos.com\\\/de\\\/\"},{\"@type\":\"ListItem\",\"position\":2,\"name\":\"Flights\"}]},{\"@type\":\"WebSite\",\"@id\":\"https:\\\/\\\/dionysoshotelpaphos.com\\\/#website\",\"url\":\"https:\\\/\\\/dionysoshotelpaphos.com\\\/\",\"name\":\"Dionysos Central Hotel Paphos\",\"description\":\"Right in the centre of Kato Paphos\",\"potentialAction\":[{\"@type\":\"SearchAction\",\"target\":{\"@type\":\"EntryPoint\",\"urlTemplate\":\"https:\\\/\\\/dionysoshotelpaphos.com\\\/?s={search_term_string}\"},\"query-input\":{\"@type\":\"PropertyValueSpecification\",\"valueRequired\":true,\"valueName\":\"search_term_string\"}}],\"inLanguage\":\"de-DE\"}]}<\/script>\n<!-- \/ Yoast SEO plugin. -->","yoast_head_json":{"title":"Find Cheap Flights | Dionysos Central Hotel | Paphos","description":"Search for cheap flights to Cyprus.\u00a0We search and compare prices from more than 1000 Airlines & dozens of Travel Sites. Tips for cheap flights!","robots":{"index":"index","follow":"follow","max-snippet":"max-snippet:-1","max-image-preview":"max-image-preview:large","max-video-preview":"max-video-preview:-1"},"canonical":"https:\/\/dionysoshotelpaphos.com\/de\/flights\/","og_locale":"de_DE","og_type":"article","og_title":"Find Cheap Flights | Dionysos Central Hotel | Paphos","og_description":"Search for cheap flights to Cyprus.\u00a0We search and compare prices from more than 1000 Airlines & dozens of Travel Sites. Tips for cheap flights!","og_url":"https:\/\/dionysoshotelpaphos.com\/de\/flights\/","og_site_name":"Dionysos Central Hotel Paphos","article_modified_time":"2021-02-06T15:42:01+00:00","twitter_card":"summary_large_image","twitter_misc":{"Gesch\u00e4tzte Lesezeit":"9 minutes"},"schema":{"@context":"https:\/\/schema.org","@graph":[{"@type":"WebPage","@id":"https:\/\/dionysoshotelpaphos.com\/de\/flights\/","url":"https:\/\/dionysoshotelpaphos.com\/de\/flights\/","name":"Find Cheap Flights | Dionysos Central Hotel | Paphos","isPartOf":{"@id":"https:\/\/dionysoshotelpaphos.com\/#website"},"datePublished":"2015-12-31T16:27:59+00:00","dateModified":"2021-02-06T15:42:01+00:00","description":"Search for cheap flights to Cyprus.\u00a0We search and compare prices from more than 1000 Airlines & dozens of Travel Sites. Tips for cheap flights!","breadcrumb":{"@id":"https:\/\/dionysoshotelpaphos.com\/de\/flights\/#breadcrumb"},"inLanguage":"de-DE","potentialAction":[{"@type":"ReadAction","target":["https:\/\/dionysoshotelpaphos.com\/de\/flights\/"]}]},{"@type":"BreadcrumbList","@id":"https:\/\/dionysoshotelpaphos.com\/de\/flights\/#breadcrumb","itemListElement":[{"@type":"ListItem","position":1,"name":"Home","item":"https:\/\/dionysoshotelpaphos.com\/de\/"},{"@type":"ListItem","position":2,"name":"Flights"}]},{"@type":"WebSite","@id":"https:\/\/dionysoshotelpaphos.com\/#website","url":"https:\/\/dionysoshotelpaphos.com\/","name":"Dionysos Central Hotel Paphos","description":"Right in the centre of Kato Paphos","potentialAction":[{"@type":"SearchAction","target":{"@type":"EntryPoint","urlTemplate":"https:\/\/dionysoshotelpaphos.com\/?s={search_term_string}"},"query-input":{"@type":"PropertyValueSpecification","valueRequired":true,"valueName":"search_term_string"}}],"inLanguage":"de-DE"}]}},"_links":{"self":[{"href":"https:\/\/dionysoshotelpaphos.com\/de\/wp-json\/wp\/v2\/pages\/1601","targetHints":{"allow":["GET"]}}],"collection":[{"href":"https:\/\/dionysoshotelpaphos.com\/de\/wp-json\/wp\/v2\/pages"}],"about":[{"href":"https:\/\/dionysoshotelpaphos.com\/de\/wp-json\/wp\/v2\/types\/page"}],"author":[{"embeddable":true,"href":"https:\/\/dionysoshotelpaphos.com\/de\/wp-json\/wp\/v2\/users\/1"}],"replies":[{"embeddable":true,"href":"https:\/\/dionysoshotelpaphos.com\/de\/wp-json\/wp\/v2\/comments?post=1601"}],"version-history":[{"count":16,"href":"https:\/\/dionysoshotelpaphos.com\/de\/wp-json\/wp\/v2\/pages\/1601\/revisions"}],"predecessor-version":[{"id":4027,"href":"https:\/\/dionysoshotelpaphos.com\/de\/wp-json\/wp\/v2\/pages\/1601\/revisions\/4027"}],"wp:attachment":[{"href":"https:\/\/dionysoshotelpaphos.com\/de\/wp-json\/wp\/v2\/media?parent=1601"}],"curies":[{"name":"wp","href":"https:\/\/api.w.org\/{rel}","templated":true}]}}